{"id":307,"date":"2026-01-02T11:40:35","date_gmt":"2026-01-02T10:40:35","guid":{"rendered":"https:\/\/cusin.org\/panier\/"},"modified":"2026-02-03T14:34:02","modified_gmt":"2026-02-03T13:34:02","slug":"panier","status":"publish","type":"page","link":"https:\/\/cusin.org\/en\/panier\/","title":{"rendered":"Panier"},"content":{"rendered":"<div class=\"wp-block-woocommerce-cart alignwide is-loading\">\n<div class=\"wp-block-woocommerce-filled-cart-block\">\n<div class=\"wp-block-woocommerce-cart-items-block\">\n<div class=\"wp-block-woocommerce-cart-line-items-block\"><\/div>\n\n\n\n<div class=\"wp-block-woocommerce-product-collection\">\n<h2 class=\"wp-block-heading has-text-align-left\" style=\"margin-bottom:1rem\">Vous serez peut-\u00eatre int\u00e9ress\u00e9 par\u2026<\/h2>\n\n\n\n\n\n\n\n<h2 style=\"line-height:1.4; margin-bottom:0.75rem;margin-top:0;\" class=\"has-text-align-center wp-block-post-title has-medium-font-size\"><a href=\"https:\/\/cusin.org\/en\/panier\/\" target=\"_self\" >Panier<\/a><\/h2>\n\n\n\n\n<\/div>\n<\/div>\n\n\n\n<div class=\"wp-block-woocommerce-cart-totals-block\">\n<div class=\"wp-block-woocommerce-cart-order-summary-block\">\n<div class=\"wp-block-woocommerce-cart-order-summary-heading-block\"><\/div>\n\n\n\n<div class=\"wp-block-woocommerce-cart-order-summary-coupon-form-block\"><\/div>\n\n\n\n<div class=\"wp-block-woocommerce-cart-order-summary-totals-block\">\n<div class=\"wp-block-woocommerce-cart-order-summary-subtotal-block\"><\/div>\n\n\n\n<div class=\"wp-block-woocommerce-cart-order-summary-fee-block\"><\/div>\n\n\n\n<div class=\"wp-block-woocommerce-cart-order-summary-discount-block\"><\/div>\n\n\n\n<div class=\"wp-block-woocommerce-cart-order-summary-shipping-block\"><\/div>\n\n\n\n<div class=\"wp-block-woocommerce-cart-order-summary-taxes-block\"><\/div>\n<\/div>\n<\/div>\n\n\n\n<div class=\"wp-block-woocommerce-cart-express-payment-block\"><\/div>\n\n\n\n<div class=\"wp-block-woocommerce-proceed-to-checkout-block\"><\/div>\n\n\n\n<div class=\"wp-block-woocommerce-cart-accepted-payment-methods-block\"><\/div>\n\n\n\n<p>Hello !<br>Pour les choses disponibles \u00ab&nbsp;d\u00e8s maintenant&nbsp;\u00bb, voici les dates possibles pour venir chercher les objets :<br>\u2013 vendredi 6 f\u00e9vrier 7h30-16h<br>\u2013 samedi 7 f\u00e9vrier 7h30-13h<br>\u2013 mardi 10 f\u00e9vrier 13h-22h<br>\u2013 vendredi 20 f\u00e9vrier 7h30-22h<\/p>\n\n\n\n<p>Pour les choses disponibles \u00ab&nbsp;en avril&nbsp;\u00bb :<br>\u2013 jeudi 2 avril 17h30-22h<br>\u2013 samedi 4 avril 7h30-13h<br>\u2013 mardi 7 avril 17h30-22h<\/p>\n\n\n\n<p>Pour les choses \u00ab&nbsp;fin juin&nbsp;\u00bb, nous vous contacterons pour planifier.<\/p>\n\n\n\n<p>Merci de confirmer quand vous venez \u00e0 Sam au 0798900377 ou \u00e0 Marion au 0795614124.<\/p>\n<\/div>\n<\/div>\n\n\n\n<div class=\"wp-block-woocommerce-empty-cart-block\">\n<h2 class=\"wp-block-heading has-text-align-center with-empty-cart-icon wc-block-cart__empty-cart__title\">Votre panier est actuellement vide&nbsp;!<\/h2>\n\n\n\n<hr class=\"wp-block-separator has-alpha-channel-opacity is-style-dots\"\/>\n\n\n\n<h2 class=\"wp-block-heading has-text-align-center\">Nouveau dans la boutique<\/h2>\n\n\n<\/div>\n<\/div>","protected":false},"excerpt":{"rendered":"","protected":false},"author":1,"featured_media":0,"parent":0,"menu_order":0,"comment_status":"closed","ping_status":"closed","template":"","meta":{"footnotes":""},"class_list":["post-307","page","type-page","status-publish","hentry"],"featured_image_src":null,"jetpack_sharing_enabled":true,"_links":{"self":[{"href":"https:\/\/cusin.org\/en\/wp-json\/wp\/v2\/pages\/307","targetHints":{"allow":["GET"]}}],"collection":[{"href":"https:\/\/cusin.org\/en\/wp-json\/wp\/v2\/pages"}],"about":[{"href":"https:\/\/cusin.org\/en\/wp-json\/wp\/v2\/types\/page"}],"author":[{"embeddable":true,"href":"https:\/\/cusin.org\/en\/wp-json\/wp\/v2\/users\/1"}],"replies":[{"embeddable":true,"href":"https:\/\/cusin.org\/en\/wp-json\/wp\/v2\/comments?post=307"}],"version-history":[{"count":2,"href":"https:\/\/cusin.org\/en\/wp-json\/wp\/v2\/pages\/307\/revisions"}],"predecessor-version":[{"id":1566,"href":"https:\/\/cusin.org\/en\/wp-json\/wp\/v2\/pages\/307\/revisions\/1566"}],"wp:attachment":[{"href":"https:\/\/cusin.org\/en\/wp-json\/wp\/v2\/media?parent=307"}],"curies":[{"name":"wp","href":"https:\/\/api.w.org\/{rel}","templated":true}]}}